{"id":13,"date":"2022-09-23T16:28:59","date_gmt":"2022-09-23T16:28:59","guid":{"rendered":"https:\/\/managram.xyz\/?page_id=13"},"modified":"2025-01-03T10:24:49","modified_gmt":"2025-01-03T09:24:49","slug":"livres","status":"publish","type":"page","link":"https:\/\/managram.xyz\/index.php\/livres\/","title":{"rendered":"Livres"},"content":{"rendered":"\n<div class=\"wp-block-uagb-advanced-heading uagb-block-637b9c4c\"><h2 class=\"uagb-heading-text\">Livres publi\u00e9s<\/h2><\/div>\n\n\n\n<div class=\"wp-block-uagb-container uagb-block-2db46c39 alignfull uagb-is-root-container\"><div class=\"uagb-container-inner-blocks-wrap\">\n<div class=\"wp-block-uagb-container uagb-block-7c6ea7ce\">\n<div class=\"wp-block-uagb-buttons uagb-buttons__outer-wrap uagb-btn__default-btn uagb-btn-tablet__default-btn uagb-btn-mobile__default-btn uagb-block-8b8315ec\"><div class=\"uagb-buttons__wrap uagb-buttons-layout-wrap \">\n<div class=\"wp-block-uagb-buttons-child uagb-buttons__outer-wrap uagb-block-64462a23 wp-block-button\"><div class=\"uagb-button__wrapper\"><a class=\"uagb-buttons-repeater wp-block-button__link\" aria-label=\"\" href=\"https:\/\/www.amazon.fr\/Managram-Nicolas-Nadal-ebook\/dp\/B01N4WEC7S\/ref=sr_1_1?__mk_fr_FR=%C3%85M%C3%85%C5%BD%C3%95%C3%91&amp;crid=3SP12COLBGCMS&amp;keywords=nicolas+nadal&amp;qid=1663950912&amp;sprefix=nicolas+nadal%2Caps%2C67&amp;sr=8-1\" rel=\"follow noopener\" target=\"_self\" role=\"button\"><div class=\"uagb-button__link\">Amazon<\/div><\/a><\/div><\/div>\n\n\n\n<div class=\"wp-block-uagb-buttons-child uagb-buttons__outer-wrap uagb-block-3248836f wp-block-button\"><div class=\"uagb-button__wrapper\"><a class=\"uagb-buttons-repeater wp-block-button__link\" aria-label=\"\" href=\"https:\/\/www.fnac.com\/livre-numerique\/a17454147\/Nicolas-Nadal-Le-Managram#omnsearchpos=2\" rel=\"follow noopener\" target=\"_self\" role=\"button\"><div class=\"uagb-button__link\">Fnac Kobo<\/div><\/a><\/div><\/div>\n<\/div><\/div>\n\n\n\n<div class=\"wp-block-uagb-info-box uagb-block-1c63f52e uagb-infobox__content-wrap  uagb-infobox-icon-above-title uagb-infobox-image-valign-top\"><div class=\"uagb-ifb-content\"><div class=\"uagb-ifb-icon-wrap\"><svg xmlns=\"https:\/\/www.w3.org\/2000\/svg\" viewBox=\"0 0 576 512\"><path d=\"M144.3 32.04C106.9 31.29 63.7 41.44 18.6 61.29c-11.42 5.026-18.6 16.67-18.6 29.15l0 357.6c0 11.55 11.99 19.55 22.45 14.65c126.3-59.14 219.8 11 223.8 14.01C249.1 478.9 252.5 480 256 480c12.4 0 16-11.38 16-15.98V80.04c0-5.203-2.531-10.08-6.781-13.08C263.3 65.58 216.7 33.35 144.3 32.04zM557.4 61.29c-45.11-19.79-88.48-29.61-125.7-29.26c-72.44 1.312-118.1 33.55-120.9 34.92C306.5 69.96 304 74.83 304 80.04v383.1C304 468.4 307.5 480 320 480c3.484 0 6.938-1.125 9.781-3.328c3.925-3.018 97.44-73.16 223.8-14c10.46 4.896 22.45-3.105 22.45-14.65l.0001-357.6C575.1 77.97 568.8 66.31 557.4 61.29z\"><\/path><\/svg><\/div><div class=\"uagb-ifb-title-wrap\"><h3 class=\"uagb-ifb-title\">Le Managram<\/h3><\/div><p class=\"uagb-ifb-desc\">D\u00e9veloppez votre carri\u00e8re gr\u00e2ce aux 9 styles professionnels du Managram.<br><br>Ce manuel p\u00e9dagogique vous permet de trouver votre profil professionnel. Mieux vous conna\u00eetre vous permettra de mieux choisir une profession qui vous convienne, g\u00e9rer votre carri\u00e8re tout en comprenant comment fonctionnent les autres.<\/p><\/div><\/div>\n<\/div>\n\n\n\n<div class=\"wp-block-uagb-container uagb-block-edf77c56\"><div class=\"wp-block-image is-style-default\">\n<figure class=\"aligncenter size-medium\"><img loading=\"lazy\" decoding=\"async\" width=\"200\" height=\"300\" src=\"https:\/\/managram.xyz\/wp-content\/uploads\/2022\/09\/Le_Managram_Cover_for_Kindle-200x300.jpg\" alt=\"Le Managram, le livre sur les 9 styles professionnels\" class=\"wp-image-17\" srcset=\"https:\/\/managram.xyz\/wp-content\/uploads\/2022\/09\/Le_Managram_Cover_for_Kindle-200x300.jpg 200w, https:\/\/managram.xyz\/wp-content\/uploads\/2022\/09\/Le_Managram_Cover_for_Kindle-682x1024.jpg 682w, https:\/\/managram.xyz\/wp-content\/uploads\/2022\/09\/Le_Managram_Cover_for_Kindle-768x1152.jpg 768w, https:\/\/managram.xyz\/wp-content\/uploads\/2022\/09\/Le_Managram_Cover_for_Kindle-1024x1536.jpg 1024w, https:\/\/managram.xyz\/wp-content\/uploads\/2022\/09\/Le_Managram_Cover_for_Kindle.jpg 1333w\" sizes=\"auto, (max-width: 200px) 100vw, 200px\" \/><\/figure>\n<\/div><\/div>\n<\/div><\/div>\n\n\n\n<hr class=\"wp-block-separator has-alpha-channel-opacity\"\/>\n\n\n\n<div class=\"wp-block-uagb-container uagb-block-6c1992d2 alignfull uagb-is-root-container\"><div class=\"uagb-container-inner-blocks-wrap\">\n<div class=\"wp-block-uagb-container uagb-block-1bf506c8\">\n<div class=\"wp-block-uagb-buttons uagb-buttons__outer-wrap uagb-btn__default-btn uagb-btn-tablet__default-btn uagb-btn-mobile__default-btn uagb-block-896a3ba7\"><div class=\"uagb-buttons__wrap uagb-buttons-layout-wrap \">\n<div class=\"wp-block-uagb-buttons-child uagb-buttons__outer-wrap uagb-block-05b15544 wp-block-button\"><div class=\"uagb-button__wrapper\"><a class=\"uagb-buttons-repeater wp-block-button__link\" aria-label=\"\" href=\"https:\/\/www.amazon.fr\/gp\/product\/B00VDDDPWS\/ref=dbs_a_def_rwt_hsch_vapi_tkin_p1_i3\" rel=\"follow noopener\" target=\"_self\" role=\"button\"><div class=\"uagb-button__link\">Amazon<\/div><\/a><\/div><\/div>\n\n\n\n<div class=\"wp-block-uagb-buttons-child uagb-buttons__outer-wrap uagb-block-6bb0e497 wp-block-button\"><div class=\"uagb-button__wrapper\"><a class=\"uagb-buttons-repeater wp-block-button__link\" aria-label=\"\" href=\"https:\/\/www.fnac.com\/livre-numerique\/a8244993\/Nicolas-Nadal-Moi-Manager#omnsearchpos=1\" rel=\"follow noopener\" target=\"_self\" role=\"button\"><div class=\"uagb-button__link\">Fnac Kobo<\/div><\/a><\/div><\/div>\n<\/div><\/div>\n\n\n\n<div class=\"wp-block-uagb-info-box uagb-block-646e0ded uagb-infobox__content-wrap  uagb-infobox-icon-above-title uagb-infobox-image-valign-top\"><div class=\"uagb-ifb-content\"><div class=\"uagb-ifb-icon-wrap\"><svg xmlns=\"https:\/\/www.w3.org\/2000\/svg\" viewBox=\"0 0 576 512\"><path d=\"M144.3 32.04C106.9 31.29 63.7 41.44 18.6 61.29c-11.42 5.026-18.6 16.67-18.6 29.15l0 357.6c0 11.55 11.99 19.55 22.45 14.65c126.3-59.14 219.8 11 223.8 14.01C249.1 478.9 252.5 480 256 480c12.4 0 16-11.38 16-15.98V80.04c0-5.203-2.531-10.08-6.781-13.08C263.3 65.58 216.7 33.35 144.3 32.04zM557.4 61.29c-45.11-19.79-88.48-29.61-125.7-29.26c-72.44 1.312-118.1 33.55-120.9 34.92C306.5 69.96 304 74.83 304 80.04v383.1C304 468.4 307.5 480 320 480c3.484 0 6.938-1.125 9.781-3.328c3.925-3.018 97.44-73.16 223.8-14c10.46 4.896 22.45-3.105 22.45-14.65l.0001-357.6C575.1 77.97 568.8 66.31 557.4 61.29z\"><\/path><\/svg><\/div><div class=\"uagb-ifb-title-wrap\"><h3 class=\"uagb-ifb-title\">Moi Manager<\/h3><\/div><p class=\"uagb-ifb-desc\">D\u00e9veloppez vos talents de management de la transformation des entreprises.<br><br>Ce manuel p\u00e9dagogique vous permet d&#8217;assimiler les principes du management : le business plan, la gestion de projet, des risques, des processus m\u00e9tier, les techniques cr\u00e9atives des consultants et comment conduire tous les changements n\u00e9cessaires. Il vous aidera aussi \u00e0 vous appuyer sur votre propre style de management, au del\u00e0 des clich\u00e9s.<\/p><\/div><\/div>\n<\/div>\n\n\n\n<div class=\"wp-block-uagb-container uagb-block-b2089cb1\"><div class=\"wp-block-image is-style-default\">\n<figure class=\"aligncenter size-large is-resized\"><img loading=\"lazy\" decoding=\"async\" width=\"683\" height=\"1024\" src=\"https:\/\/managram.xyz\/wp-content\/uploads\/2022\/09\/Moi_Manager_Cover_for_Kindle-683x1024.jpg\" alt=\"\" class=\"wp-image-45\" style=\"width:252px;height:378px\" srcset=\"https:\/\/managram.xyz\/wp-content\/uploads\/2022\/09\/Moi_Manager_Cover_for_Kindle-683x1024.jpg 683w, https:\/\/managram.xyz\/wp-content\/uploads\/2022\/09\/Moi_Manager_Cover_for_Kindle-200x300.jpg 200w, https:\/\/managram.xyz\/wp-content\/uploads\/2022\/09\/Moi_Manager_Cover_for_Kindle-768x1152.jpg 768w, https:\/\/managram.xyz\/wp-content\/uploads\/2022\/09\/Moi_Manager_Cover_for_Kindle-1024x1536.jpg 1024w, https:\/\/managram.xyz\/wp-content\/uploads\/2022\/09\/Moi_Manager_Cover_for_Kindle.jpg 1336w\" sizes=\"auto, (max-width: 683px) 100vw, 683px\" \/><\/figure>\n<\/div><\/div>\n<\/div><\/div>\n\n\n\n<hr class=\"wp-block-separator has-alpha-channel-opacity\"\/>\n\n\n\n<div class=\"wp-block-uagb-container uagb-block-7217ce99 alignfull uagb-is-root-container\"><div class=\"uagb-container-inner-blocks-wrap\">\n<div class=\"wp-block-uagb-container uagb-block-13a36240\">\n<div class=\"wp-block-uagb-buttons uagb-buttons__outer-wrap uagb-btn__default-btn uagb-btn-tablet__default-btn uagb-btn-mobile__default-btn uagb-block-f9c7d604\"><div class=\"uagb-buttons__wrap uagb-buttons-layout-wrap \">\n<div class=\"wp-block-uagb-buttons-child uagb-buttons__outer-wrap uagb-block-267dba1f wp-block-button\"><div class=\"uagb-button__wrapper\"><a class=\"uagb-buttons-repeater wp-block-button__link\" aria-label=\"\" href=\"https:\/\/www.amazon.fr\/Vademecum-d%C3%A9veloppement-personnel-Nicolas-Nadal\/dp\/B0BBYBMJ2H\/ref=sr_1_1?__mk_fr_FR=%C3%85M%C3%85%C5%BD%C3%95%C3%91&amp;crid=2ZPTXMQ4BHFZE&amp;keywords=vademecum+du+d%C3%A9veloppement+personnel&amp;qid=1705241978&amp;sprefix=vademecum+du+d%C3%A9veloppement+%2Caps%2C216&amp;sr=8-1\" rel=\"follow noopener\" target=\"_self\" role=\"button\"><div class=\"uagb-button__link\">Amazon<\/div><\/a><\/div><\/div>\n\n\n\n<div class=\"wp-block-uagb-buttons-child uagb-buttons__outer-wrap uagb-block-fa24e7c4 wp-block-button\"><div class=\"uagb-button__wrapper\"><a class=\"uagb-buttons-repeater wp-block-button__link\" aria-label=\"\" href=\"https:\/\/www.kobo.com\/fr\/fr\/ebook\/vademecum-du-developpement-personnel\" rel=\"follow noopener\" target=\"_self\" role=\"button\"><div class=\"uagb-button__link\">Fnac Kobo<\/div><\/a><\/div><\/div>\n<\/div><\/div>\n\n\n\n<div class=\"wp-block-uagb-info-box uagb-block-b496c1b1 uagb-infobox__content-wrap  uagb-infobox-icon-above-title uagb-infobox-image-valign-top\"><div class=\"uagb-ifb-content\"><div class=\"uagb-ifb-icon-wrap\"><svg xmlns=\"https:\/\/www.w3.org\/2000\/svg\" viewBox=\"0 0 576 512\"><path d=\"M144.3 32.04C106.9 31.29 63.7 41.44 18.6 61.29c-11.42 5.026-18.6 16.67-18.6 29.15l0 357.6c0 11.55 11.99 19.55 22.45 14.65c126.3-59.14 219.8 11 223.8 14.01C249.1 478.9 252.5 480 256 480c12.4 0 16-11.38 16-15.98V80.04c0-5.203-2.531-10.08-6.781-13.08C263.3 65.58 216.7 33.35 144.3 32.04zM557.4 61.29c-45.11-19.79-88.48-29.61-125.7-29.26c-72.44 1.312-118.1 33.55-120.9 34.92C306.5 69.96 304 74.83 304 80.04v383.1C304 468.4 307.5 480 320 480c3.484 0 6.938-1.125 9.781-3.328c3.925-3.018 97.44-73.16 223.8-14c10.46 4.896 22.45-3.105 22.45-14.65l.0001-357.6C575.1 77.97 568.8 66.31 557.4 61.29z\"><\/path><\/svg><\/div><div class=\"uagb-ifb-title-wrap\"><h3 class=\"uagb-ifb-title\">Vademecum du d\u00e9veloppement personnel<\/h3><\/div><p class=\"uagb-ifb-desc\">Un panorama structur\u00e9 des voies de d\u00e9veloppement. <br><br> Ce manuel pr\u00e9sente un panorama clair et structur\u00e9 des trois grands courants identifi\u00e9s par l&#8217;auteur  : la Sapience, la Qu\u00eate et la Forge. Pour aider chacun \u00e0 trouver sa voie, en \u00e9vitant les d\u00e9rives. Vous trouverez \u00e9galement des conseils pratiques. Il vous permettra aussi de compl\u00e9ter votre culture g\u00e9n\u00e9rale et trouver mati\u00e8re \u00e0 inspiration pour votre d\u00e9veloppement personnel.<\/p><\/div><\/div>\n<\/div>\n\n\n\n<div class=\"wp-block-uagb-container uagb-block-cc810f65\"><div class=\"wp-block-image is-style-default\">\n<figure class=\"aligncenter size-full is-resized\"><img loading=\"lazy\" decoding=\"async\" width=\"466\" height=\"692\" src=\"https:\/\/managram.xyz\/wp-content\/uploads\/2022\/09\/Image-Vademecum-du-de\u0301veloppement-personnel.jpg\" alt=\"\" class=\"wp-image-50\" style=\"width:211px;height:313px\" srcset=\"https:\/\/managram.xyz\/wp-content\/uploads\/2022\/09\/Image-Vademecum-du-de\u0301veloppement-personnel.jpg 466w, https:\/\/managram.xyz\/wp-content\/uploads\/2022\/09\/Image-Vademecum-du-de\u0301veloppement-personnel-202x300.jpg 202w\" sizes=\"auto, (max-width: 466px) 100vw, 466px\" \/><\/figure>\n<\/div><\/div>\n<\/div><\/div>\n","protected":false},"excerpt":{"rendered":"<p>Livres publi\u00e9s<\/p>\n","protected":false},"author":1,"featured_media":0,"parent":0,"menu_order":0,"comment_status":"closed","ping_status":"closed","template":"","meta":{"_crdt_document":"","om_disable_all_campaigns":false,"_uag_custom_page_level_css":"","_monsterinsights_skip_tracking":false,"_monsterinsights_sitenote_active":false,"_monsterinsights_sitenote_note":"","_monsterinsights_sitenote_category":0,"footnotes":""},"class_list":["post-13","page","type-page","status-publish","hentry"],"aioseo_notices":[],"uagb_featured_image_src":{"full":false,"thumbnail":false,"medium":false,"medium_large":false,"large":false,"1536x1536":false,"2048x2048":false,"post-thumbnail":false,"bravada-featured":false,"bravada-featured-lp":false,"bravada-featured-half":false,"bravada-featured-third":false,"bravada-lpbox-1":false,"bravada-lpbox-2":false},"uagb_author_info":{"display_name":"Nico","author_link":"https:\/\/managram.xyz\/index.php\/author\/nicolas-nadal\/"},"uagb_comment_info":0,"uagb_excerpt":"Livres publi\u00e9s","_links":{"self":[{"href":"https:\/\/managram.xyz\/index.php\/wp-json\/wp\/v2\/pages\/13","targetHints":{"allow":["GET"]}}],"collection":[{"href":"https:\/\/managram.xyz\/index.php\/wp-json\/wp\/v2\/pages"}],"about":[{"href":"https:\/\/managram.xyz\/index.php\/wp-json\/wp\/v2\/types\/page"}],"author":[{"embeddable":true,"href":"https:\/\/managram.xyz\/index.php\/wp-json\/wp\/v2\/users\/1"}],"replies":[{"embeddable":true,"href":"https:\/\/managram.xyz\/index.php\/wp-json\/wp\/v2\/comments?post=13"}],"version-history":[{"count":37,"href":"https:\/\/managram.xyz\/index.php\/wp-json\/wp\/v2\/pages\/13\/revisions"}],"predecessor-version":[{"id":573,"href":"https:\/\/managram.xyz\/index.php\/wp-json\/wp\/v2\/pages\/13\/revisions\/573"}],"wp:attachment":[{"href":"https:\/\/managram.xyz\/index.php\/wp-json\/wp\/v2\/media?parent=13"}],"curies":[{"name":"wp","href":"https:\/\/api.w.org\/{rel}","templated":true}]}}