{"id":296,"date":"2022-10-16T15:08:14","date_gmt":"2022-10-16T13:08:14","guid":{"rendered":"https:\/\/managram.xyz\/?page_id=296"},"modified":"2023-03-17T11:41:56","modified_gmt":"2023-03-17T10:41:56","slug":"liens-externes","status":"publish","type":"page","link":"https:\/\/managram.xyz\/index.php\/liens-externes\/","title":{"rendered":"Liens"},"content":{"rendered":"\n<h1 class=\"has-large-font-size wp-block-heading\">Conseil de direction<\/h1>\n\n\n\n<div class=\"wp-block-uagb-container uagb-block-a0524161 alignfull uagb-is-root-container\"><div class=\"uagb-container-inner-blocks-wrap\">\n<div class=\"wp-block-uagb-container uagb-block-f1635ca3\">\n<p class=\"wp-block-paragraph\"><strong>Le site de Corey Phelps,<\/strong> professeur, chercheur et conseiller en strat\u00e9gie, innovation et leadership. Je l&#8217;ai rencontr\u00e9 quand il est intervenu dans une formation d&#8217;HEC Executive que j&#8217;ai organis\u00e9e sur le &#8220;big data&#8221;.<\/p>\n<\/div>\n\n\n\n<div class=\"wp-block-uagb-container uagb-block-11fd0547\">\n<div class=\"wp-block-uagb-buttons uagb-buttons__outer-wrap uagb-btn__default-btn uagb-btn-tablet__default-btn uagb-btn-mobile__default-btn uagb-block-dbb6898a\"><div class=\"uagb-buttons__wrap uagb-buttons-layout-wrap\">\n<div class=\"wp-block-uagb-buttons-child uagb-buttons__outer-wrap uagb-block-f38c19cc wp-block-button is-style-outline\"><div class=\"uagb-button__wrapper\"><a class=\"uagb-buttons-repeater wp-block-button__link has-background has-text-color\" href=\"https:\/\/coreyphelps.com\" rel=\"follow noopener\" target=\"_self\"><div class=\"uagb-button__link\">Corey Phelps<\/div><\/a><\/div><\/div>\n<\/div><\/div>\n<\/div>\n<\/div><\/div>\n\n\n\n<hr class=\"wp-block-separator has-alpha-channel-opacity\"\/>\n\n\n\n<h1 class=\"has-large-font-size wp-block-heading\">D\u00e9veloppement des comp\u00e9tences<\/h1>\n\n\n\n<div class=\"wp-block-uagb-container uagb-block-1db2dfca alignfull uagb-is-root-container\"><div class=\"uagb-container-inner-blocks-wrap\">\n<div class=\"wp-block-uagb-container uagb-block-b4858c85\">\n<p class=\"wp-block-paragraph\">L&#8217;institut Rep\u00e8re, l&#8217;activateur de comp\u00e9tences pour exceller dans vos fonctions.<\/p>\n<\/div>\n\n\n<div class=\"wp-block-image\">\n<figure class=\"aligncenter size-full is-resized\"><img loading=\"lazy\" decoding=\"async\" src=\"https:\/\/managram.xyz\/wp-content\/uploads\/2023\/03\/IR_logo2.png\" alt=\"\" class=\"wp-image-486\" width=\"194\" height=\"49\" srcset=\"https:\/\/managram.xyz\/wp-content\/uploads\/2023\/03\/IR_logo2.png 400w, https:\/\/managram.xyz\/wp-content\/uploads\/2023\/03\/IR_logo2-300x78.png 300w\" sizes=\"auto, (max-width: 194px) 100vw, 194px\" \/><\/figure>\n<\/div>\n\n\n<div class=\"wp-block-uagb-container uagb-block-79a31fca\">\n<div class=\"wp-block-uagb-buttons uagb-buttons__outer-wrap uagb-btn__default-btn uagb-btn-tablet__default-btn uagb-btn-mobile__default-btn uagb-block-de47e41f\"><div class=\"uagb-buttons__wrap uagb-buttons-layout-wrap\">\n<div class=\"wp-block-uagb-buttons-child uagb-buttons__outer-wrap uagb-block-f052beb5 wp-block-button is-style-outline\"><div class=\"uagb-button__wrapper\"><a class=\"uagb-buttons-repeater wp-block-button__link has-background has-text-color\" href=\"https:\/\/www.institut-repere.com\/\" rel=\"follow noopener\" target=\"_self\"><div class=\"uagb-button__link\">Institut Rep\u00e8re<\/div><\/a><\/div><\/div>\n<\/div><\/div>\n<\/div>\n<\/div><\/div>\n","protected":false},"excerpt":{"rendered":"<p>Conseil de direction Le site de Corey Phelps, professeur, chercheur et conseiller en strat\u00e9gie, innovation et leadership. Je l&#8217;ai rencontr\u00e9 quand il est intervenu dans &hellip;<\/p>\n","protected":false},"author":1,"featured_media":0,"parent":0,"menu_order":0,"comment_status":"closed","ping_status":"closed","template":"","meta":{"_crdt_document":"","om_disable_all_campaigns":false,"_uag_custom_page_level_css":"","_monsterinsights_skip_tracking":false,"_monsterinsights_sitenote_active":false,"_monsterinsights_sitenote_note":"","_monsterinsights_sitenote_category":0,"footnotes":""},"class_list":["post-296","page","type-page","status-publish","hentry"],"aioseo_notices":[],"uagb_featured_image_src":{"full":false,"thumbnail":false,"medium":false,"medium_large":false,"large":false,"1536x1536":false,"2048x2048":false,"post-thumbnail":false,"bravada-featured":false,"bravada-featured-lp":false,"bravada-featured-half":false,"bravada-featured-third":false,"bravada-lpbox-1":false,"bravada-lpbox-2":false},"uagb_author_info":{"display_name":"Nico","author_link":"https:\/\/managram.xyz\/index.php\/author\/nicolas-nadal\/"},"uagb_comment_info":0,"uagb_excerpt":"Conseil de direction Le site de Corey Phelps, professeur, chercheur et conseiller en strat\u00e9gie, innovation et leadership. Je l&#8217;ai rencontr\u00e9 quand il est intervenu dans &hellip;","_links":{"self":[{"href":"https:\/\/managram.xyz\/index.php\/wp-json\/wp\/v2\/pages\/296","targetHints":{"allow":["GET"]}}],"collection":[{"href":"https:\/\/managram.xyz\/index.php\/wp-json\/wp\/v2\/pages"}],"about":[{"href":"https:\/\/managram.xyz\/index.php\/wp-json\/wp\/v2\/types\/page"}],"author":[{"embeddable":true,"href":"https:\/\/managram.xyz\/index.php\/wp-json\/wp\/v2\/users\/1"}],"replies":[{"embeddable":true,"href":"https:\/\/managram.xyz\/index.php\/wp-json\/wp\/v2\/comments?post=296"}],"version-history":[{"count":26,"href":"https:\/\/managram.xyz\/index.php\/wp-json\/wp\/v2\/pages\/296\/revisions"}],"predecessor-version":[{"id":489,"href":"https:\/\/managram.xyz\/index.php\/wp-json\/wp\/v2\/pages\/296\/revisions\/489"}],"wp:attachment":[{"href":"https:\/\/managram.xyz\/index.php\/wp-json\/wp\/v2\/media?parent=296"}],"curies":[{"name":"wp","href":"https:\/\/api.w.org\/{rel}","templated":true}]}}