{"id":37,"date":"2022-09-24T17:41:52","date_gmt":"2022-09-24T17:41:52","guid":{"rendered":"https:\/\/managram.xyz\/?page_id=37"},"modified":"2022-11-30T22:50:19","modified_gmt":"2022-11-30T21:50:19","slug":"presentation-de-lauteur","status":"publish","type":"page","link":"https:\/\/managram.xyz\/index.php\/presentation-de-lauteur\/","title":{"rendered":"L&#8217;Auteur"},"content":{"rendered":"\n<p class=\"wp-block-paragraph\"><\/p>\n\n\n\n<div class=\"wp-block-uagb-container uagb-block-cc1e8744 alignfull uagb-is-root-container\"><div class=\"uagb-container-inner-blocks-wrap\">\n<div class=\"wp-block-uagb-container uagb-block-2ca8696b\">\n<div class=\"wp-block-uagb-info-box uagb-block-1be1bca2 uagb-infobox__content-wrap  uagb-infobox-icon-above-title uagb-infobox-image-valign-top\"><div class=\"uagb-ifb-content\"><div class=\"uagb-ifb-icon-wrap\"><svg xmlns=\"https:\/\/www.w3.org\/2000\/svg\" viewBox=\"0 0 576 512\"><path d=\"M463.1 256c8.75 0 15.1-7.25 15.1-16S472.7 224 463.1 224c-8.75 0-15.1 7.25-15.1 16S455.2 256 463.1 256zM287.1 176c48.5 0 87.1-39.5 87.1-88S336.5 0 287.1 0S200 39.5 200 88S239.5 176 287.1 176zM80 256c8.75 0 15.1-7.25 15.1-16S88.75 224 80 224S64 231.3 64 240S71.25 256 80 256zM75.91 375.1c.6289-.459 41.62-29.26 100.1-50.05L176 432h223.1l-.0004-106.8c58.32 20.8 99.51 49.49 100.1 49.91C508.6 381.1 518.3 384 527.9 384c14.98 0 29.73-7 39.11-20.09c15.41-21.59 10.41-51.56-11.16-66.97c-1.955-1.391-21.1-14.83-51.83-30.85C495.5 279.2 480.7 288 463.1 288c-26.25 0-47.1-21.75-47.1-48c0-3.549 .4648-6.992 1.217-10.33C378.6 217.2 334.4 208 288 208c-59.37 0-114.1 15.01-160.1 32.67C127.6 266.6 106 288 80 288C69.02 288 58.94 284 50.8 277.7c-18.11 10.45-29.25 18.22-30.7 19.26c-21.56 15.41-26.56 45.38-11.16 66.97C24.33 385.5 54.3 390.4 75.91 375.1zM335.1 344c13.25 0 23.1 10.75 23.1 24s-10.75 24-23.1 24c-13.25 0-23.1-10.75-23.1-24S322.7 344 335.1 344zM240 248c13.25 0 23.1 10.75 23.1 24S253.3 296 240 296c-13.25 0-23.1-10.75-23.1-24S226.8 248 240 248zM559.1 464H16c-8.75 0-15.1 7.25-15.1 16l-.0016 16c0 8.75 7.25 16 15.1 16h543.1c8.75 0 15.1-7.25 15.1-16L575.1 480C575.1 471.3 568.7 464 559.1 464z\"><\/path><\/svg><\/div><div class=\"uagb-ifb-title-wrap\"><h3 class=\"uagb-ifb-title\">Nicolas Nadal<\/h3><\/div><p class=\"uagb-ifb-desc\"><br>Dipl\u00f4m\u00e9 de HEC, il publie des guides sur le d\u00e9veloppement. Il a cr\u00e9\u00e9 la m\u00e9thode Managram pour mieux conna\u00eetre ses styles professionnels et piloter sa carri\u00e8re.<br><br>Consultant en d\u00e9veloppement personnel et professionnel, il a assist\u00e9 des centaines de dirigeants, cadres et employ\u00e9s lors de situations professionnelles d\u00e9licates. <br><br>Il travaille dans une multinationale du secteur de l&#8217;informatique et a r\u00e9alis\u00e9 plus d&#8217;une cinquantaine de missions dans  des entreprises et organisations nationales et internationales. Il transmet son exp\u00e9rience de la gestion \u00e0 l&#8217;universit\u00e9 et en MBA.<\/p><\/div><\/div>\n<\/div>\n\n\n\n<div class=\"wp-block-uagb-container uagb-block-a61637c0\">\n<figure class=\"wp-block-image size-large\"><img loading=\"lazy\" decoding=\"async\" width=\"1024\" height=\"768\" src=\"https:\/\/managram.xyz\/wp-content\/uploads\/2022\/09\/IMG_20211004_130747_01_compress74-1024x768.jpg\" alt=\"\" class=\"wp-image-38\" srcset=\"https:\/\/managram.xyz\/wp-content\/uploads\/2022\/09\/IMG_20211004_130747_01_compress74-1024x768.jpg 1024w, https:\/\/managram.xyz\/wp-content\/uploads\/2022\/09\/IMG_20211004_130747_01_compress74-300x225.jpg 300w, https:\/\/managram.xyz\/wp-content\/uploads\/2022\/09\/IMG_20211004_130747_01_compress74-768x576.jpg 768w, https:\/\/managram.xyz\/wp-content\/uploads\/2022\/09\/IMG_20211004_130747_01_compress74-1536x1152.jpg 1536w, https:\/\/managram.xyz\/wp-content\/uploads\/2022\/09\/IMG_20211004_130747_01_compress74-400x300.jpg 400w, https:\/\/managram.xyz\/wp-content\/uploads\/2022\/09\/IMG_20211004_130747_01_compress74.jpg 1984w\" sizes=\"auto, (max-width: 1024px) 100vw, 1024px\" \/><\/figure>\n<\/div>\n<\/div><\/div>\n","protected":false},"excerpt":{"rendered":"","protected":false},"author":1,"featured_media":0,"parent":0,"menu_order":0,"comment_status":"closed","ping_status":"closed","template":"","meta":{"_crdt_document":"","om_disable_all_campaigns":false,"_uag_custom_page_level_css":"","_monsterinsights_skip_tracking":false,"_monsterinsights_sitenote_active":false,"_monsterinsights_sitenote_note":"","_monsterinsights_sitenote_category":0,"footnotes":""},"class_list":["post-37","page","type-page","status-publish","hentry"],"aioseo_notices":[],"uagb_featured_image_src":{"full":false,"thumbnail":false,"medium":false,"medium_large":false,"large":false,"1536x1536":false,"2048x2048":false,"post-thumbnail":false,"bravada-featured":false,"bravada-featured-lp":false,"bravada-featured-half":false,"bravada-featured-third":false,"bravada-lpbox-1":false,"bravada-lpbox-2":false},"uagb_author_info":{"display_name":"Nico","author_link":"https:\/\/managram.xyz\/index.php\/author\/nicolas-nadal\/"},"uagb_comment_info":0,"uagb_excerpt":null,"_links":{"self":[{"href":"https:\/\/managram.xyz\/index.php\/wp-json\/wp\/v2\/pages\/37","targetHints":{"allow":["GET"]}}],"collection":[{"href":"https:\/\/managram.xyz\/index.php\/wp-json\/wp\/v2\/pages"}],"about":[{"href":"https:\/\/managram.xyz\/index.php\/wp-json\/wp\/v2\/types\/page"}],"author":[{"embeddable":true,"href":"https:\/\/managram.xyz\/index.php\/wp-json\/wp\/v2\/users\/1"}],"replies":[{"embeddable":true,"href":"https:\/\/managram.xyz\/index.php\/wp-json\/wp\/v2\/comments?post=37"}],"version-history":[{"count":7,"href":"https:\/\/managram.xyz\/index.php\/wp-json\/wp\/v2\/pages\/37\/revisions"}],"predecessor-version":[{"id":421,"href":"https:\/\/managram.xyz\/index.php\/wp-json\/wp\/v2\/pages\/37\/revisions\/421"}],"wp:attachment":[{"href":"https:\/\/managram.xyz\/index.php\/wp-json\/wp\/v2\/media?parent=37"}],"curies":[{"name":"wp","href":"https:\/\/api.w.org\/{rel}","templated":true}]}}